{"id":184,"date":"2019-11-19T10:08:41","date_gmt":"2019-11-19T09:08:41","guid":{"rendered":"https:\/\/coiffure.myskydoowebsite.com\/?page_id=184"},"modified":"2024-10-11T09:58:05","modified_gmt":"2024-10-11T07:58:05","slug":"massage-cranien","status":"publish","type":"page","link":"https:\/\/coiffure.myskydoowebsite.com\/?page_id=184","title":{"rendered":"Massage cr\u00e2nien"},"content":{"rendered":"\t\t<div data-elementor-type=\"wp-page\" data-elementor-id=\"184\" class=\"elementor elementor-184\" data-elementor-post-type=\"page\">\n\t\t\t\t\t\t<section class=\"elementor-section elementor-top-section elementor-element elementor-element-4b29631 elementor-section-content-middle elementor-section-boxed elementor-section-height-default elementor-section-height-default wpr-particle-no wpr-jarallax-no wpr-parallax-no wpr-sticky-section-no\" data-id=\"4b29631\" data-element_type=\"section\" data-e-type=\"section\" data-settings=\"{&quot;background_background&quot;:&quot;classic&quot;}\">\n\t\t\t\t\t\t<div class=\"elementor-container elementor-column-gap-default\">\n\t\t\t\t\t<div class=\"elementor-column elementor-col-100 elementor-top-column elementor-element elementor-element-b3a95e6 elementor-invisible\" data-id=\"b3a95e6\" data-element_type=\"column\" data-e-type=\"column\" data-settings=\"{&quot;animation&quot;:&quot;slideInLeft&quot;}\">\n\t\t\t<div class=\"elementor-widget-wrap elementor-element-populated\">\n\t\t\t\t\t\t<div class=\"elementor-element elementor-element-d6a9799 elementor-widget elementor-widget-heading\" data-id=\"d6a9799\" data-element_type=\"widget\" data-e-type=\"widget\" data-widget_type=\"heading.default\">\n\t\t\t\t<div class=\"elementor-widget-container\">\n\t\t\t\t\t<h1 class=\"elementor-heading-title elementor-size-default\">Massage cr\u00e2nien<\/h1>\t\t\t\t<\/div>\n\t\t\t\t<\/div>\n\t\t\t\t<div class=\"elementor-element elementor-element-d8656b5 elementor-widget-divider--view-line elementor-widget elementor-widget-divider\" data-id=\"d8656b5\" data-element_type=\"widget\" data-e-type=\"widget\" data-widget_type=\"divider.default\">\n\t\t\t\t<div class=\"elementor-widget-container\">\n\t\t\t\t\t\t\t<div class=\"elementor-divider\">\n\t\t\t<span class=\"elementor-divider-separator\">\n\t\t\t\t\t\t<\/span>\n\t\t<\/div>\n\t\t\t\t\t\t<\/div>\n\t\t\t\t<\/div>\n\t\t\t\t<section class=\"elementor-section elementor-inner-section elementor-element elementor-element-339c770 elementor-section-content-middle elementor-section-boxed elementor-section-height-default elementor-section-height-default wpr-particle-no wpr-jarallax-no wpr-parallax-no wpr-sticky-section-no\" data-id=\"339c770\" data-element_type=\"section\" data-e-type=\"section\">\n\t\t\t\t\t\t<div class=\"elementor-container elementor-column-gap-default\">\n\t\t\t\t\t<div class=\"elementor-column elementor-col-50 elementor-inner-column elementor-element elementor-element-cd1124c\" data-id=\"cd1124c\" data-element_type=\"column\" data-e-type=\"column\">\n\t\t\t<div class=\"elementor-widget-wrap elementor-element-populated\">\n\t\t\t\t\t\t<div class=\"elementor-element elementor-element-1bd78a0 elementor-widget elementor-widget-heading\" data-id=\"1bd78a0\" data-element_type=\"widget\" data-e-type=\"widget\" data-widget_type=\"heading.default\">\n\t\t\t\t<div class=\"elementor-widget-container\">\n\t\t\t\t\t<h2 class=\"elementor-heading-title elementor-size-default\">Laissez-vous chouchouter<\/h2>\t\t\t\t<\/div>\n\t\t\t\t<\/div>\n\t\t\t\t<div class=\"elementor-element elementor-element-f5c346f elementor-widget elementor-widget-text-editor\" data-id=\"f5c346f\" data-element_type=\"widget\" data-e-type=\"widget\" data-widget_type=\"text-editor.default\">\n\t\t\t\t<div class=\"elementor-widget-container\">\n\t\t\t\t\t\t\t\t\t<div class=\"sppb-addon-content\"><p>Technique de massage ancestrale originaire d\u2019Inde, le\u00a0massage cr\u00e2nien, appel\u00e9 aussi massage shirodhara, est pratiqu\u00e9 depuis des mill\u00e9naires pour ses nombreux bienfaits. Il \u00e9tait effectu\u00e9 par les m\u00e8res de famille lorsqu\u2019elles appliquaient de l\u2019huile sur les longues chevelures de leurs filles. L\u2019objectif, \u00e0 l\u2019origine, \u00e9tait de rendre les cheveux plus brillants, tout en partageant un moment de douceur.<\/p><p>De plus en plus appr\u00e9ci\u00e9 en Occident, ce massage offre en effet un bien-\u00eatre profond et une relaxation particuli\u00e8rement adapt\u00e9e \u00e0 nos rythmes de vie tr\u00e9pidants et \u00e9puisants. De plus, l\u2019huile utilis\u00e9e offre un soin b\u00e9n\u00e9fique pour les cheveux, en am\u00e9liorant leur apparence et leur force. Le massage cr\u00e2nien est \u00e9galement un excellent moyen de se reconcentrer, ce qui est tr\u00e8s utile pour les personnes actives.<\/p><p>Venez donc vous d\u00e9tendre dans\u00a0 une ambiance conviviale.<\/p><\/div>\t\t\t\t\t\t\t\t<\/div>\n\t\t\t\t<\/div>\n\t\t\t\t\t<\/div>\n\t\t<\/div>\n\t\t\t\t<div class=\"elementor-column elementor-col-50 elementor-inner-column elementor-element elementor-element-d91aff6\" data-id=\"d91aff6\" data-element_type=\"column\" data-e-type=\"column\">\n\t\t\t<div class=\"elementor-widget-wrap elementor-element-populated\">\n\t\t\t\t\t\t<div class=\"elementor-element elementor-element-7a39269 elementor-widget elementor-widget-image\" data-id=\"7a39269\" data-element_type=\"widget\" data-e-type=\"widget\" data-widget_type=\"image.default\">\n\t\t\t\t<div class=\"elementor-widget-container\">\n\t\t\t\t\t\t\t\t\t\t\t\t\t\t\t<img fetchpriority=\"high\" decoding=\"async\" width=\"2000\" height=\"1334\" src=\"https:\/\/coiffure.myskydoowebsite.com\/wp-content\/uploads\/3612.jpg\" class=\"attachment-full size-full wp-image-304\" alt=\"Massage cr\u00e2nien\" srcset=\"https:\/\/coiffure.myskydoowebsite.com\/wp-content\/uploads\/3612.jpg 2000w, https:\/\/coiffure.myskydoowebsite.com\/wp-content\/uploads\/3612-768x512.jpg 768w, https:\/\/coiffure.myskydoowebsite.com\/wp-content\/uploads\/3612-1536x1025.jpg 1536w\" sizes=\"(max-width: 2000px) 100vw, 2000px\" title=\"\">\t\t\t\t\t\t\t\t\t\t\t\t\t\t\t<\/div>\n\t\t\t\t<\/div>\n\t\t\t\t\t<\/div>\n\t\t<\/div>\n\t\t\t\t\t<\/div>\n\t\t<\/section>\n\t\t\t\t\t<\/div>\n\t\t<\/div>\n\t\t\t\t\t<\/div>\n\t\t<\/section>\n\t\t\t\t<section class=\"elementor-section elementor-top-section elementor-element elementor-element-9e2cb0c elementor-section-content-middle elementor-section-boxed elementor-section-height-default elementor-section-height-default wpr-particle-no wpr-jarallax-no wpr-parallax-no wpr-sticky-section-no\" data-id=\"9e2cb0c\" data-element_type=\"section\" data-e-type=\"section\" data-settings=\"{&quot;background_background&quot;:&quot;classic&quot;}\">\n\t\t\t\t\t\t<div class=\"elementor-container elementor-column-gap-default\">\n\t\t\t\t\t<div class=\"elementor-column elementor-col-100 elementor-top-column elementor-element elementor-element-26059ee\" data-id=\"26059ee\" data-element_type=\"column\" data-e-type=\"column\">\n\t\t\t<div class=\"elementor-widget-wrap elementor-element-populated\">\n\t\t\t\t\t\t<div class=\"elementor-element elementor-element-08accf8 elementor-widget elementor-widget-video\" data-id=\"08accf8\" data-element_type=\"widget\" data-e-type=\"widget\" data-settings=\"{&quot;youtube_url&quot;:&quot;https:\\\/\\\/www.youtube.com\\\/watch?v=JD3NjAXQCaQ&quot;,&quot;yt_privacy&quot;:&quot;yes&quot;,&quot;video_type&quot;:&quot;youtube&quot;,&quot;controls&quot;:&quot;yes&quot;}\" data-widget_type=\"video.default\">\n\t\t\t\t<div class=\"elementor-widget-container\">\n\t\t\t\t\t\t\t<div class=\"elementor-wrapper elementor-open-inline\">\n\t\t\t<div class=\"elementor-video\"><\/div>\t\t<\/div>\n\t\t\t\t\t\t<\/div>\n\t\t\t\t<\/div>\n\t\t\t\t\t<\/div>\n\t\t<\/div>\n\t\t\t\t\t<\/div>\n\t\t<\/section>\n\t\t\t\t<section class=\"elementor-section elementor-top-section elementor-element elementor-element-e551b2a elementor-section-boxed elementor-section-height-default elementor-section-height-default wpr-particle-no wpr-jarallax-no wpr-parallax-no wpr-sticky-section-no\" data-id=\"e551b2a\" data-element_type=\"section\" data-e-type=\"section\" data-settings=\"{&quot;background_background&quot;:&quot;classic&quot;}\">\n\t\t\t\t\t\t<div class=\"elementor-container elementor-column-gap-default\">\n\t\t\t\t\t<div class=\"elementor-column elementor-col-100 elementor-top-column elementor-element elementor-element-1718326\" data-id=\"1718326\" data-element_type=\"column\" data-e-type=\"column\">\n\t\t\t<div class=\"elementor-widget-wrap elementor-element-populated\">\n\t\t\t\t\t\t<div class=\"elementor-element elementor-element-39a26fd elementor-widget elementor-widget-spacer\" data-id=\"39a26fd\" data-element_type=\"widget\" data-e-type=\"widget\" data-widget_type=\"spacer.default\">\n\t\t\t\t<div class=\"elementor-widget-container\">\n\t\t\t\t\t\t\t<div class=\"elementor-spacer\">\n\t\t\t<div class=\"elementor-spacer-inner\"><\/div>\n\t\t<\/div>\n\t\t\t\t\t\t<\/div>\n\t\t\t\t<\/div>\n\t\t\t\t\t<\/div>\n\t\t<\/div>\n\t\t\t\t\t<\/div>\n\t\t<\/section>\n\t\t\t\t<section class=\"elementor-section elementor-top-section elementor-element elementor-element-b8a95ba elementor-section-boxed elementor-section-height-default elementor-section-height-default wpr-particle-no wpr-jarallax-no wpr-parallax-no wpr-sticky-section-no\" data-id=\"b8a95ba\" data-element_type=\"section\" data-e-type=\"section\" data-settings=\"{&quot;background_background&quot;:&quot;classic&quot;}\">\n\t\t\t\t\t\t<div class=\"elementor-container elementor-column-gap-default\">\n\t\t\t\t\t<div class=\"elementor-column elementor-col-100 elementor-top-column elementor-element elementor-element-1953022 elementor-invisible\" data-id=\"1953022\" data-element_type=\"column\" data-e-type=\"column\" data-settings=\"{&quot;background_background&quot;:&quot;classic&quot;,&quot;animation&quot;:&quot;slideInLeft&quot;}\">\n\t\t\t<div class=\"elementor-widget-wrap elementor-element-populated\">\n\t\t\t\t\t\t<div class=\"elementor-element elementor-element-6ff8af9 elementor-widget elementor-widget-heading\" data-id=\"6ff8af9\" data-element_type=\"widget\" data-e-type=\"widget\" data-widget_type=\"heading.default\">\n\t\t\t\t<div class=\"elementor-widget-container\">\n\t\t\t\t\t<h2 class=\"elementor-heading-title elementor-size-default\">Contactez-nous<\/h2>\t\t\t\t<\/div>\n\t\t\t\t<\/div>\n\t\t\t\t<div class=\"elementor-element elementor-element-a6584fa elementor-widget elementor-widget-text-editor\" data-id=\"a6584fa\" data-element_type=\"widget\" data-e-type=\"widget\" data-widget_type=\"text-editor.default\">\n\t\t\t\t<div class=\"elementor-widget-container\">\n\t\t\t\t\t\t\t\t\t<p>Envoyez-nous un mail \u00e0 <a href=\"mailto:francemairesse123@live.be\">francemairesse123@live.be<\/a> si vous d\u00e9sirez prendre un rendez-vous et\/ou nous transmettre une demande d&rsquo;informations compl\u00e9mentaires.<\/p>\t\t\t\t\t\t\t\t<\/div>\n\t\t\t\t<\/div>\n\t\t\t\t<div class=\"elementor-element elementor-element-ecb8c64 elementor-align-left elementor-widget__width-auto elementor-widget elementor-widget-button\" data-id=\"ecb8c64\" data-element_type=\"widget\" data-e-type=\"widget\" data-widget_type=\"button.default\">\n\t\t\t\t<div class=\"elementor-widget-container\">\n\t\t\t\t\t\t\t\t\t<div class=\"elementor-button-wrapper\">\n\t\t\t\t\t<a class=\"elementor-button elementor-button-link elementor-size-sm\" href=\"tel:0032475521167\">\n\t\t\t\t\t\t<span class=\"elementor-button-content-wrapper\">\n\t\t\t\t\t\t\t\t\t<span class=\"elementor-button-text\">0475 52 11 67<\/span>\n\t\t\t\t\t<\/span>\n\t\t\t\t\t<\/a>\n\t\t\t\t<\/div>\n\t\t\t\t\t\t\t\t<\/div>\n\t\t\t\t<\/div>\n\t\t\t\t<div class=\"elementor-element elementor-element-654b081 elementor-align-left elementor-widget__width-auto elementor-widget elementor-widget-button\" data-id=\"654b081\" data-element_type=\"widget\" data-e-type=\"widget\" data-widget_type=\"button.default\">\n\t\t\t\t<div class=\"elementor-widget-container\">\n\t\t\t\t\t\t\t\t\t<div class=\"elementor-button-wrapper\">\n\t\t\t\t\t<a class=\"elementor-button elementor-button-link elementor-size-sm\" href=\"mailto:francemairesse123@live.be\">\n\t\t\t\t\t\t<span class=\"elementor-button-content-wrapper\">\n\t\t\t\t\t\t\t\t\t<span class=\"elementor-button-text\">E-Mail<\/span>\n\t\t\t\t\t<\/span>\n\t\t\t\t\t<\/a>\n\t\t\t\t<\/div>\n\t\t\t\t\t\t\t\t<\/div>\n\t\t\t\t<\/div>\n\t\t\t\t\t<\/div>\n\t\t<\/div>\n\t\t\t\t\t<\/div>\n\t\t<\/section>\n\t\t\t\t<\/div>\n\t\t","protected":false},"excerpt":{"rendered":"<p>Massage cr\u00e2nien Laissez-vous chouchouter Technique de massage ancestrale originaire d\u2019Inde, le\u00a0massage cr\u00e2nien, appel\u00e9 aussi massage shirodhara, est pratiqu\u00e9 depuis des mill\u00e9naires pour ses nombreux bienfaits. Il \u00e9tait effectu\u00e9 par les m\u00e8res de famille lorsqu\u2019elles appliquaient de l\u2019huile sur les longues chevelures de leurs filles. L\u2019objectif, \u00e0 l\u2019origine, \u00e9tait de rendre les cheveux plus brillants, tout en partageant un moment de douceur. De plus en plus appr\u00e9ci\u00e9 en Occident, ce massage offre en effet un bien-\u00eatre profond et une relaxation particuli\u00e8rement adapt\u00e9e \u00e0 nos rythmes de vie tr\u00e9pidants et \u00e9puisants. De plus, l\u2019huile utilis\u00e9e offre un soin b\u00e9n\u00e9fique pour les cheveux, en am\u00e9liorant leur apparence et leur force. Le massage cr\u00e2nien est \u00e9galement un excellent moyen de se reconcentrer, ce qui est tr\u00e8s utile pour les personnes actives. Venez donc vous d\u00e9tendre dans\u00a0 une ambiance conviviale. Contactez-nous Envoyez-nous un mail \u00e0 francemairesse123@live.be si vous d\u00e9sirez prendre un rendez-vous et\/ou nous transmettre une demande d&rsquo;informations compl\u00e9mentaires. 0475 52 11 67 E-Mail<\/p>\n","protected":false},"author":1,"featured_media":305,"parent":0,"menu_order":0,"comment_status":"closed","ping_status":"closed","template":"elementor_header_footer","meta":{"footnotes":""},"class_list":["post-184","page","type-page","status-publish","has-post-thumbnail","hentry"],"_links":{"self":[{"href":"https:\/\/coiffure.myskydoowebsite.com\/index.php?rest_route=\/wp\/v2\/pages\/184","targetHints":{"allow":["GET"]}}],"collection":[{"href":"https:\/\/coiffure.myskydoowebsite.com\/index.php?rest_route=\/wp\/v2\/pages"}],"about":[{"href":"https:\/\/coiffure.myskydoowebsite.com\/index.php?rest_route=\/wp\/v2\/types\/page"}],"author":[{"embeddable":true,"href":"https:\/\/coiffure.myskydoowebsite.com\/index.php?rest_route=\/wp\/v2\/users\/1"}],"replies":[{"embeddable":true,"href":"https:\/\/coiffure.myskydoowebsite.com\/index.php?rest_route=%2Fwp%2Fv2%2Fcomments&post=184"}],"version-history":[{"count":6,"href":"https:\/\/coiffure.myskydoowebsite.com\/index.php?rest_route=\/wp\/v2\/pages\/184\/revisions"}],"predecessor-version":[{"id":1002,"href":"https:\/\/coiffure.myskydoowebsite.com\/index.php?rest_route=\/wp\/v2\/pages\/184\/revisions\/1002"}],"wp:featuredmedia":[{"embeddable":true,"href":"https:\/\/coiffure.myskydoowebsite.com\/index.php?rest_route=\/wp\/v2\/media\/305"}],"wp:attachment":[{"href":"https:\/\/coiffure.myskydoowebsite.com\/index.php?rest_route=%2Fwp%2Fv2%2Fmedia&parent=184"}],"curies":[{"name":"wp","href":"https:\/\/api.w.org\/{rel}","templated":true}]}}